{"id":1326,"date":"2025-09-09T12:47:13","date_gmt":"2025-09-09T12:47:13","guid":{"rendered":"https:\/\/mysaunaclub.cz\/datenschutzrichtlinien\/"},"modified":"2025-10-31T13:36:52","modified_gmt":"2025-10-31T13:36:52","slug":"datenschutzrichtlinien","status":"publish","type":"page","link":"https:\/\/mysaunaclub.cz\/de\/datenschutzrichtlinien\/","title":{"rendered":"Datenschutzrichtlinien"},"content":{"rendered":"\t\t<div data-elementor-type=\"wp-page\" data-elementor-id=\"1326\" class=\"elementor elementor-1326 elementor-604\" data-elementor-post-type=\"page\">\n\t\t\t\t<div class=\"elementor-element elementor-element-e9051f1 e-flex e-con-boxed e-con e-parent\" data-id=\"e9051f1\" data-element_type=\"container\" data-settings=\"{&quot;background_background&quot;:&quot;classic&quot;}\">\n\t\t\t\t\t<div class=\"e-con-inner\">\n\t\t\t\t<div class=\"elementor-element elementor-element-245c230 animated-slow elementor-invisible elementor-widget elementor-widget-heading\" data-id=\"245c230\" data-element_type=\"widget\" data-settings=\"{&quot;_animation&quot;:&quot;fadeInDown&quot;}\" data-widget_type=\"heading.default\">\n\t\t\t\t\t<h1 class=\"elementor-heading-title elementor-size-default\">Datenschutzrichtlinien<\/h1>\t\t\t\t<\/div>\n\t\t\t\t\t<\/div>\n\t\t\t\t<\/div>\n\t\t<div class=\"elementor-element elementor-element-631478f e-flex e-con-boxed e-con e-parent\" data-id=\"631478f\" data-element_type=\"container\" data-settings=\"{&quot;background_background&quot;:&quot;classic&quot;}\">\n\t\t\t\t\t<div class=\"e-con-inner\">\n\t\t\t\t<div class=\"elementor-element elementor-element-4897a75 elementor-absolute elementor-widget elementor-widget-image\" data-id=\"4897a75\" data-element_type=\"widget\" data-settings=\"{&quot;_position&quot;:&quot;absolute&quot;}\" data-widget_type=\"image.default\">\n\t\t\t\t\t\t\t\t\t\t\t\t\t\t\t<img fetchpriority=\"high\" decoding=\"async\" width=\"932\" height=\"820\" src=\"https:\/\/mysaunaclub.cz\/wp-content\/uploads\/2025\/09\/Ellipse-4.png\" class=\"attachment-full size-full wp-image-1323\" alt=\"\" srcset=\"https:\/\/mysaunaclub.cz\/wp-content\/uploads\/2025\/09\/Ellipse-4.png 932w, https:\/\/mysaunaclub.cz\/wp-content\/uploads\/2025\/09\/Ellipse-4-300x264.png 300w, https:\/\/mysaunaclub.cz\/wp-content\/uploads\/2025\/09\/Ellipse-4-768x676.png 768w\" sizes=\"(max-width: 932px) 100vw, 932px\" \/>\t\t\t\t\t\t\t\t\t\t\t\t\t\t\t<\/div>\n\t\t\t\t<div class=\"elementor-element elementor-element-0ae4840 elementor-absolute elementor-widget elementor-widget-image\" data-id=\"0ae4840\" data-element_type=\"widget\" data-settings=\"{&quot;_position&quot;:&quot;absolute&quot;}\" data-widget_type=\"image.default\">\n\t\t\t\t\t\t\t\t\t\t\t\t\t\t\t<img fetchpriority=\"high\" decoding=\"async\" width=\"932\" height=\"820\" src=\"https:\/\/mysaunaclub.cz\/wp-content\/uploads\/2025\/09\/Ellipse-4.png\" class=\"attachment-full size-full wp-image-1323\" alt=\"\" srcset=\"https:\/\/mysaunaclub.cz\/wp-content\/uploads\/2025\/09\/Ellipse-4.png 932w, https:\/\/mysaunaclub.cz\/wp-content\/uploads\/2025\/09\/Ellipse-4-300x264.png 300w, https:\/\/mysaunaclub.cz\/wp-content\/uploads\/2025\/09\/Ellipse-4-768x676.png 768w\" sizes=\"(max-width: 932px) 100vw, 932px\" \/>\t\t\t\t\t\t\t\t\t\t\t\t\t\t\t<\/div>\n\t\t\t\t<div class=\"elementor-element elementor-element-8018d3d elementor-absolute elementor-widget elementor-widget-image\" data-id=\"8018d3d\" data-element_type=\"widget\" data-settings=\"{&quot;_position&quot;:&quot;absolute&quot;}\" data-widget_type=\"image.default\">\n\t\t\t\t\t\t\t\t\t\t\t\t\t\t\t<img decoding=\"async\" width=\"809\" height=\"1864\" src=\"https:\/\/mysaunaclub.cz\/wp-content\/uploads\/2025\/09\/Ellipse-2-2.png\" class=\"attachment-full size-full wp-image-1324\" alt=\"\" srcset=\"https:\/\/mysaunaclub.cz\/wp-content\/uploads\/2025\/09\/Ellipse-2-2.png 809w, https:\/\/mysaunaclub.cz\/wp-content\/uploads\/2025\/09\/Ellipse-2-2-130x300.png 130w, https:\/\/mysaunaclub.cz\/wp-content\/uploads\/2025\/09\/Ellipse-2-2-444x1024.png 444w, https:\/\/mysaunaclub.cz\/wp-content\/uploads\/2025\/09\/Ellipse-2-2-768x1770.png 768w, https:\/\/mysaunaclub.cz\/wp-content\/uploads\/2025\/09\/Ellipse-2-2-667x1536.png 667w\" sizes=\"(max-width: 809px) 100vw, 809px\" \/>\t\t\t\t\t\t\t\t\t\t\t\t\t\t\t<\/div>\n\t\t\t\t<div class=\"elementor-element elementor-element-27d398d elementor-absolute elementor-widget elementor-widget-image\" data-id=\"27d398d\" data-element_type=\"widget\" data-settings=\"{&quot;_position&quot;:&quot;absolute&quot;}\" data-widget_type=\"image.default\">\n\t\t\t\t\t\t\t\t\t\t\t\t\t\t\t<img decoding=\"async\" width=\"1440\" height=\"1568\" src=\"https:\/\/mysaunaclub.cz\/wp-content\/uploads\/2025\/09\/Ellipse-3-1.png\" class=\"attachment-full size-full wp-image-1325\" alt=\"\" srcset=\"https:\/\/mysaunaclub.cz\/wp-content\/uploads\/2025\/09\/Ellipse-3-1.png 1440w, https:\/\/mysaunaclub.cz\/wp-content\/uploads\/2025\/09\/Ellipse-3-1-276x300.png 276w, https:\/\/mysaunaclub.cz\/wp-content\/uploads\/2025\/09\/Ellipse-3-1-940x1024.png 940w, https:\/\/mysaunaclub.cz\/wp-content\/uploads\/2025\/09\/Ellipse-3-1-768x836.png 768w, https:\/\/mysaunaclub.cz\/wp-content\/uploads\/2025\/09\/Ellipse-3-1-1411x1536.png 1411w\" sizes=\"(max-width: 1440px) 100vw, 1440px\" \/>\t\t\t\t\t\t\t\t\t\t\t\t\t\t\t<\/div>\n\t\t<div class=\"elementor-element elementor-element-8bbc509 e-con-full e-flex e-con e-child\" data-id=\"8bbc509\" data-element_type=\"container\">\n\t\t\t\t<div class=\"elementor-element elementor-element-9801b44 elementor-widget elementor-widget-heading\" data-id=\"9801b44\" data-element_type=\"widget\" data-widget_type=\"heading.default\">\n\t\t\t\t\t<h3 class=\"elementor-heading-title elementor-size-default\">Octopussy <br>Website-Haftungsausschluss &amp; Datenschutzbestimmungen<\/h3>\t\t\t\t<\/div>\n\t\t\t\t<div class=\"elementor-element elementor-element-5668628 h6mg elementor-widget elementor-widget-text-editor\" data-id=\"5668628\" data-element_type=\"widget\" data-widget_type=\"text-editor.default\">\n\t\t\t\t\t\t\t\t\t<p><strong>G\u00fcltig ab:<\/strong> 01.09.2025<\/p><h3>Haftungsausschluss<\/h3><h6><strong>Haftung f\u00fcr Inhalte<\/strong><\/h6><p>Wir entwickeln die Inhalte dieser Website kontinuierlich weiter und sind bestrebt, genaue und aktuelle Informationen bereitzustellen. Wir \u00fcbernehmen jedoch keine Haftung f\u00fcr die Richtigkeit, Vollst\u00e4ndigkeit oder Aktualit\u00e4t von Inhalten, die von Dritten bereitgestellt werden. Bitte benachrichtigen Sie uns umgehend \u00fcber die im Impressum angegebenen Kontaktdaten, wenn Sie rechtswidrige oder fehlerhafte Inhalte bemerken.  <\/p><p><strong>Haftung f\u00fcr Links<\/strong><\/p><p>Diese (unsere) Website enth\u00e4lt Links zu externen Websites. Wir sind nicht verantwortlich f\u00fcr den Inhalt externer Websites, zu denen wir Links bereitstellen. Nach tschechischem Recht (Gesetz Nr. 89\/2012 Slg., B\u00fcrgerliches Gesetzbuch, und Gesetz Nr. 127\/2005 Slg. \u00fcber elektronische Kommunikation) ist die Haftung f\u00fcr verlinkte Websites ausgeschlossen, es sei denn, wir haben Kenntnis von rechtswidrigen Inhalten und es ist uns technisch m\u00f6glich und zumutbar, den Zugang zu verhindern. Wenn Sie Kenntnis von rechtswidrigen Links erhalten, informieren Sie uns bitte unverz\u00fcglich.   <\/p><p><strong>Urheberrechtshinweis<\/strong><\/p><p>Bitte beachten Sie, dass alle Inhalte auf dieser Website, einschlie\u00dflich Fotos, Texte, Videos und Designs, urheberrechtlich gesch\u00fctzt sind gem\u00e4\u00df Gesetz Nr. 121\/2000 Slg. (Urheberrechtsgesetz). Fotos werden entweder von unseren Vertragspartnern bereitgestellt oder von uns erstellt. Vertragspartner werden \u00fcber urheberrechtliche Verpflichtungen informiert. Die betroffenen Inhalte werden unverz\u00fcglich entfernt und wir behalten uns das Recht vor, bei Missbrauch oder Verletzung rechtliche Schritte einzuleiten.    <\/p><p><strong>Bildnachweise<\/strong><\/p><p>Bitte beachten Sie, dass alle Bilder und Grafiken urheberrechtlich gesch\u00fctzt sind. Und bitte beachten Sie, dass unsere Vertragspartner garantieren, dass sie alle Rechte an den eingereichten Fotos besitzen und dass keine Rechte Dritter verletzt werden. Wir werden das betroffene Material nach Benachrichtigung \u00fcber eine Rechtsverletzung entfernen und dauerhaft l\u00f6schen, wobei wir uns das Recht vorbehalten, Schadensersatzanspr\u00fcche geltend zu machen.  <\/p><h3>Datenschutzbestimmungen<\/h3><p><strong>Datenschutz<\/strong><\/p><p>Bitte beachten Sie, dass wir die **Datenschutz-Grundverordnung (EU) 2016\/679 (DSGVO)** und das **Gesetz Nr. 110\/2019 Slg. \u00fcber die Verarbeitung personenbezogener Daten** einhalten. Diese Datenschutzerkl\u00e4rung erl\u00e4utert den Zweck, die Rechtsgrundlage und den Umfang der Verarbeitung personenbezogener Daten auf dieser Website.<\/p><p><strong>Grunds\u00e4tze der Datenverarbeitung<\/strong><\/p><p>Bitte beachten Sie, dass wir personenbezogene Daten nur in \u00dcbereinstimmung mit der DSGVO und den tschechischen Datenschutzgesetzen verarbeiten. Dies umfasst Nutzungsdaten (z. B. besuchte Seiten) und Inhaltsdaten (z. B. Formulareinsendungen). <\/p><p><strong>Rechtsgrundlagen (Art. 6 Abs. 1 DSGVO) <\/strong><\/p><ul class=\"legal-basis\"><li>Einwilligung der betroffenen Person (Art. 6 Abs. 1 lit. a) <\/li><li>Vertragserf\u00fcllung (Art. 6 Abs. 1 lit. b) <\/li><li>Rechtliche Verpflichtung (Art. 6 Abs. 1 lit. c) <\/li><li>Schutz lebenswichtiger Interessen (Art. 6 Abs. 1 lit. d) <\/li><li>Aufgaben im \u00f6ffentlichen Interesse (Art. 6 Abs. 1 lit. e) <\/li><li>Berechtigtes Interesse des Verantwortlichen (Art. 6 Abs. 1 lit. f) <\/li><\/ul><p> <\/p><p><strong>Daten\u00fcbermittlung an Dritte<\/strong><\/p><p>Die personenbezogenen Daten d\u00fcrfen nur \u00fcbermittelt werden, wenn eine Rechtsgrundlage besteht. Jede Verarbeitung durch Drittanbieter erfolgt auf der Grundlage von Datenverarbeitungsvereinbarungen, die die Einhaltung der DSGVO gew\u00e4hrleisten. Selbstverst\u00e4ndlich erfolgt die \u00dcbermittlung au\u00dferhalb der EU\/des EWR nur, wenn angemessene Schutzvorkehrungen bestehen (Art. 44-49 DSGVO).  <\/p><p><strong>Erbringung (vor-)vertraglicher Leistungen<\/strong><\/p><p>Wir verarbeiten personenbezogene und Kontaktdaten, die zur Erf\u00fcllung vertraglicher Verpflichtungen oder vorvertraglicher Ma\u00dfnahmen erforderlich sind. Beachten Sie immer, dass ohne diese Daten kein Vertrag abgeschlossen werden kann. <\/p><p><strong>Kommunikation &amp; Kontakt<\/strong><\/p><p>Wenn Sie uns per E-Mail oder \u00fcber Formulare kontaktieren, werden Ihre Daten in jedem Fall zur Bearbeitung Ihrer Anfrage verarbeitet und sicher gespeichert.<\/p><p><strong>Automatische Datenerfassung (Serverprotokolle)<\/strong><\/p><p>Wenn Sie unsere Website besuchen, werden Protokolldateien vor\u00fcbergehend gespeichert (Serverprotokolle), die Folgendes enthalten k\u00f6nnen:<\/p><ul><li>IP-Adresse<\/li><li>Datum und Uhrzeit<\/li><li>Besuchte URL<\/li><li>Browsertyp &amp; -version<\/li><li>Betriebssystem<\/li><li>Referrer-URL<\/li><\/ul><p>Diese Protokolle werden kurzzeitig aufbewahrt (in der Regel bis zu 14 Tage) und k\u00f6nnen nur im Falle einer rechtswidrigen Nutzung abgerufen werden.<\/p><p><strong>Speicherung &amp; Sicherheit<\/strong><\/p><p>Personenbezogene Daten werden nur so lange gespeichert, wie es notwendig ist, und durch geeignete **technische und organisatorische Ma\u00dfnahmen** gesch\u00fctzt. Daten, die unverschl\u00fcsselt per E-Mail versendet werden, k\u00f6nnen nicht als sicher garantiert werden. <\/p><p><strong>Ihre Rechte (gem\u00e4\u00df DSGVO)<\/strong><\/p><p>Sie haben das Recht:<\/p><ul><li>Auf Auskunft \u00fcber Ihre Daten (Art. 15 DSGVO)<\/li><li>Auf Berichtigung (Art. 16)<\/li><li>Auf L\u00f6schung (Art. 17)<\/li><li>Auf Einschr\u00e4nkung der Verarbeitung (Art. 18)<\/li><li>Auf Daten\u00fcbertragbarkeit (Art. 20)<\/li><li>Auf Widerspruch gegen die Verarbeitung (Art. 21)<\/li><li>Nicht einer automatisierten Entscheidung unterworfen zu werden (Art. 22)<\/li><\/ul><p> <\/p><p>Beschwerden k\u00f6nnen beim **\u00da\u0159ad pro ochranu osobn\u00edch \u00fadaj\u016f (Amt f\u00fcr den Schutz personenbezogener Daten)**, Pplk. Sochora 27, 170 00 Praha 7, Tschechische Republik, www.uoou.cz, eingereicht werden. <\/p><p><strong>Verschl\u00fcsselung (TLS \/ HTTPS)<\/strong><\/p><p>Unsere Website verwendet **TLS-Verschl\u00fcsselung** f\u00fcr die sichere \u00dcbertragung von Daten.<\/p><p><strong>Cookies<\/strong><\/p><p>Diese Website verwendet Cookies f\u00fcr **Funktionalit\u00e4t, Optimierung und Analyse**. Sie k\u00f6nnen Cookies in Ihrem Browser konfigurieren oder deaktivieren. Einige Funktionen k\u00f6nnen ohne Cookies eingeschr\u00e4nkt sein.  <\/p><p><strong>Newsletter<\/strong><\/p><p>Wenn Sie unseren Newsletter abonnieren, werden Ihre Daten ausschlie\u00dflich f\u00fcr den Versand verarbeitet. Sie k\u00f6nnen den Newsletter **jederzeit** \u00fcber den Link in jedem Newsletter **abbestellen**. <\/p><p><strong>Google-Dienste<\/strong><\/p><p>Wir k\u00f6nnen Google-Dienste (Analytics, Maps, Ads, reCAPTCHA, AdSense) verwenden. Diese Dienste verarbeiten Daten, m\u00f6glicherweise au\u00dferhalb der EU, unter DSGVO-Schutzma\u00dfnahmen wie Standardvertragsklauseln. Sie k\u00f6nnen personalisierte Werbung unter folgendem Link deaktivieren: <span style=\"color: #ffffff;\"><a style=\"color: #ffffff;\" href=\"https:\/\/adssettings.google.com\/authenticated\" target=\"_blank\" rel=\"noopener\">https:\/\/adssettings.google.com\/authenticated<\/a>.<\/span>  <\/p><p><strong>\u00c4nderungen<\/strong><\/p><p>Wir k\u00f6nnen diese Richtlinie im Einklang mit rechtlichen oder betrieblichen \u00c4nderungen aktualisieren. Bitte \u00fcberpr\u00fcfen Sie sie regelm\u00e4\u00dfig. <\/p><p><strong>Unser Verantwortlicher (Datenverantwortlicher gem\u00e4\u00df DSGVO &amp; tschechischem Recht)<\/strong><\/p><p><strong>Verantwortlicher:<\/strong> [Tatiana Efteme \/ Octopussy Bar Prague s.r.o.]<br><strong>I\u010cO:<\/strong> [19279027]<br><strong>Eingetragener Sitz:<\/strong> [Pobrezni 224\/20, 186 00 Prague]<br><strong>E-Mail:<\/strong> [officeit@seznam.cz]<br><strong>Telefon:<\/strong> [00420-777 98 23 92]<\/p>\t\t\t\t\t\t\t\t<\/div>\n\t\t\t\t<\/div>\n\t\t\t\t\t<\/div>\n\t\t\t\t<\/div>\n\t\t\t\t<\/div>\n\t\t","protected":false},"excerpt":{"rendered":"<p>Datenschutzrichtlinien Octopussy Website-Haftungsausschluss &amp; Datenschutzbestimmungen G\u00fcltig ab: 01.09.2025 Haftungsausschluss Haftung f\u00fcr Inhalte Wir entwickeln die Inhalte dieser Website kontinuierlich weiter und sind bestrebt, genaue und aktuelle Informationen bereitzustellen. Wir \u00fcbernehmen jedoch keine Haftung f\u00fcr die Richtigkeit, Vollst\u00e4ndigkeit oder Aktualit\u00e4t von Inhalten, die von Dritten bereitgestellt werden. Bitte benachrichtigen Sie uns umgehend \u00fcber die im Impressum [&hellip;]<\/p>\n","protected":false},"author":4,"featured_media":0,"parent":0,"menu_order":0,"comment_status":"closed","ping_status":"closed","template":"","meta":{"_acf_changed":false,"footnotes":""},"class_list":["post-1326","page","type-page","status-publish","hentry"],"acf":[],"_links":{"self":[{"href":"https:\/\/mysaunaclub.cz\/de\/wp-json\/wp\/v2\/pages\/1326","targetHints":{"allow":["GET"]}}],"collection":[{"href":"https:\/\/mysaunaclub.cz\/de\/wp-json\/wp\/v2\/pages"}],"about":[{"href":"https:\/\/mysaunaclub.cz\/de\/wp-json\/wp\/v2\/types\/page"}],"author":[{"embeddable":true,"href":"https:\/\/mysaunaclub.cz\/de\/wp-json\/wp\/v2\/users\/4"}],"replies":[{"embeddable":true,"href":"https:\/\/mysaunaclub.cz\/de\/wp-json\/wp\/v2\/comments?post=1326"}],"version-history":[{"count":1,"href":"https:\/\/mysaunaclub.cz\/de\/wp-json\/wp\/v2\/pages\/1326\/revisions"}],"predecessor-version":[{"id":1327,"href":"https:\/\/mysaunaclub.cz\/de\/wp-json\/wp\/v2\/pages\/1326\/revisions\/1327"}],"wp:attachment":[{"href":"https:\/\/mysaunaclub.cz\/de\/wp-json\/wp\/v2\/media?parent=1326"}],"curies":[{"name":"wp","href":"https:\/\/api.w.org\/{rel}","templated":true}]}}